{"id":196,"date":"2018-02-11T15:27:01","date_gmt":"2018-02-11T14:27:01","guid":{"rendered":"http:\/\/www.andreas-schuett.de\/?page_id=196"},"modified":"2023-07-30T20:08:52","modified_gmt":"2023-07-30T18:08:52","slug":"datenschutzerklaerung","status":"publish","type":"page","link":"https:\/\/www.andreas-schuett.de\/?page_id=196","title":{"rendered":"Datenschutzerkl\u00e4rung"},"content":{"rendered":"\t\t<div data-elementor-type=\"wp-post\" data-elementor-id=\"196\" class=\"elementor elementor-196\">\n\t\t\t\t\t\t<section class=\"has_eae_slider elementor-section elementor-top-section elementor-element elementor-element-739d783 elementor-section-boxed elementor-section-height-default elementor-section-height-default\" data-eae-slider=\"39834\" data-id=\"739d783\" data-element_type=\"section\" data-e-type=\"section\">\n\t\t\t\t\t\t<div class=\"elementor-container elementor-column-gap-default\">\n\t\t\t\t\t<div class=\"has_eae_slider elementor-column elementor-col-100 elementor-top-column elementor-element elementor-element-8a325c3\" data-eae-slider=\"67812\" data-id=\"8a325c3\" data-element_type=\"column\" data-e-type=\"column\">\n\t\t\t<div class=\"elementor-widget-wrap elementor-element-populated\">\n\t\t\t\t\t\t<div class=\"elementor-element elementor-element-8bd0bb4 elementor-widget elementor-widget-heading\" data-id=\"8bd0bb4\" data-element_type=\"widget\" data-e-type=\"widget\" data-widget_type=\"heading.default\">\n\t\t\t\t<div class=\"elementor-widget-container\">\n\t\t\t\t\t<h5 class=\"elementor-heading-title elementor-size-default\">Datenschutzerkl\u00e4rung<\/h5>\t\t\t\t<\/div>\n\t\t\t\t<\/div>\n\t\t\t\t<div class=\"elementor-element elementor-element-ae2b315 elementor-widget elementor-widget-text-editor\" data-id=\"ae2b315\" data-element_type=\"widget\" data-e-type=\"widget\" data-widget_type=\"text-editor.default\">\n\t\t\t\t<div class=\"elementor-widget-container\">\n\t\t\t\t\t\t\t\t\t<p>Der Anbieter dieser Internetseite nimmt den Datenschutz bei ihrem Online-Angebot sehr ernst. Hier erhalten Sie alle Hinweise rund um das Thema.<\/p><p>Grunds\u00e4tzlich ist die Nutzung der Internetseite ohne jede Angabe personenbezogener Daten m\u00f6glich. Auf Sie als Person bezogene Daten wie Name, Anschrift, Telefonnummer oder E-Mail-Adresse erhalten wir nur dann, wenn Sie uns diese Daten ausdr\u00fccklich mitteilen \u2013 zum Beispiel \u00fcber unser Kontaktformular.<br \/>Diese Daten speichern wir so lange, wie sie f\u00fcr die Bearbeitung Ihres Anliegens erforderlich sind, danach werden Ihre Daten gel\u00f6scht. Wir behandeln Ihre pers\u00f6nlichen Daten selbstverst\u00e4ndlich vertraulich und geben sie keinesfalls an Dritte weiter. Sie k\u00f6nnen jederzeit Auskunft \u00fcber Ihre Daten verlangen (mehr dazu im Abschnitt \u201eNutzerrechte\u201c).<br \/>Der f\u00fcr die Verarbeitung Verantwortliche hat zahlreiche technische und organisatorische Ma\u00dfnahmen umgesetzt, um einen m\u00f6glichst l\u00fcckenlosen Schutz der \u00fcber diese Internetseite verarbeiteten personenbezogenen Daten sicherzustellen. Dennoch k\u00f6nnen internetbasierte Daten\u00fcbertragungen grunds\u00e4tzlich Sicherheitsl\u00fccken aufweisen, sodass ein absoluter Schutz nicht gew\u00e4hrleistet werden kann. Aus diesem Grund steht es jeder betroffenen Person frei, personenbezogene Daten auch auf alternativen Wegen, beispielsweise telefonisch, an uns zu \u00fcbermitteln.<\/p><h6>1. Name und Anschrift des f\u00fcr die Verarbeitung Verantwortlichen<\/h6><p>Verantwortlicher im Sinne der Datenschutz-Grundverordnung, sonstiger in den Mitgliedstaaten der Europ\u00e4ischen Union geltenden Datenschutzgesetze und anderer Bestimmungen mit datenschutzrechtlichem Charakter ist:<\/p><p>Andreas Sch\u00fctt<br \/>Wilhelminenstr. 12<br \/>01099 Dresden<\/p><p>Kontakt:<br \/>Tel.: 0351 8028766<br \/>Mail: website@andreas-schuett.de<\/p><h6>2. Cookies<\/h6><p>Wir verwenden auf unserer Internetseite Cookies. Cookies sind kleine Textdateien, welche \u00fcber einen Internetbrowser auf einem Computersystem abgelegt und gespeichert werden.<br \/>Mittels eines Cookies k\u00f6nnen die Informationen und Angebote auf unserer Internetseite im Sinne des Benutzers optimiert werden. Cookies erm\u00f6glichen uns die Benutzer unserer Internetseite wiederzuerkennen. Zweck dieser Wiedererkennung ist es, den Nutzern die Verwendung unserer Internetseite zu erleichtern. Einige Cookies bleiben auf Ihrem Endger\u00e4t gespeichert, bis Sie diese l\u00f6schen.<br \/>Sie k\u00f6nnen die Setzung von Cookies durch unsere Internetseite jederzeit mittels einer entsprechenden Einstellung des genutzten Internetbrowsers verhindern und damit der Setzung von Cookies dauerhaft widersprechen. Ferner k\u00f6nnen bereits gesetzte Cookies jederzeit \u00fcber einen Internetbrowser oder andere Softwareprogramme gel\u00f6scht werden. Dies ist in allen g\u00e4ngigen Internetbrowsern m\u00f6glich. Deaktivieren Sie die Setzung von Cookies in dem genutzten Internetbrowser, sind unter Umst\u00e4nden nicht alle Funktionen unserer Internetseite vollumf\u00e4nglich nutzbar.<\/p><p>Zur Verwaltung der eingesetzten Cookies und \u00e4hnlichen Technologien (Tracking-Pixel, Web-Beacons etc.) und diesbez\u00fcglicher Einwilligungen setzen wir das Consent Tool &#8222;Real Cookie Banner&#8220; ein. Details zur Funktionsweise von &#8222;Real Cookie Banner&#8220; finden Sie unter <a href=\"https:\/\/devowl.io\/de\/rcb\/datenverarbeitung\" target=\"_blank\" rel=\"noopener\">https:\/\/devowl.io\/de\/rcb\/datenverarbeitung<\/a>.<\/p><p>Rechtsgrundlagen f\u00fcr die Verarbeitung von personenbezogenen Daten in diesem Zusammenhang sind Art. 6 Abs. 1 lit. c DS-GVO und Art. 6 Abs. 1 lit. f DS-GVO. Unser berechtigtes Interesse ist die Verwaltung der eingesetzten Cookies und \u00e4hnlichen Technologien und der diesbez\u00fcglichen Einwilligungen.<\/p><p>Die Bereitstellung der personenbezogenen Daten ist weder vertraglich vorgeschrieben noch f\u00fcr den Abschluss eines Vertrages notwendig. Sie sind nicht verpflichtet, die personenbezogenen Daten bereitzustellen. Wenn Sie die personenbezogenen Daten nicht bereitstellen, k\u00f6nnen wir Ihre Einwilligungen nicht verwalten.<\/p><h6>3. Erfassung von allgemeinen Daten und Informationen (Protokolldaten)<\/h6><p>Ihr Browser sendet beim Zugriff auf unsere Webseiten eine Reihe von technischen Daten, die protokolliert werden. Es werden Ihre IP-Adresse, Ihre Browserkennung und Domain, der Name der abgerufenen Datei, Datum und Uhrzeit des Abrufs, die \u00fcbertragene Datenmenge sowie der erfolgreiche Abruf in einer Protokoll-Datei festgehalten.<\/p><p>Alle Daten in den Protokoll-Dateien sind ohne direkten Bezug zu pers\u00f6nlichen Daten und werden keinesfalls mit anderen pers\u00f6nlichen Daten zusammengef\u00fchrt. Wir registrieren Ihre Zugriffe aus Gr\u00fcnden der Datensicherheit, um die Stabilit\u00e4t und Betriebssicherheit unserer Systeme zu sichern und um unbefugte Angriffe abzuwehren. Die Protokolldaten dienen damit ausschlie\u00dflich internen Zwecken und werden keinesfalls an Dritte weitergegeben.<\/p><h6>4. Kontaktm\u00f6glichkeit \u00fcber die Internetseite<\/h6><p>Unsere Internetseite enth\u00e4lt aufgrund von gesetzlichen Vorschriften Angaben, die eine schnelle elektronische Kontaktaufnahme zu uns sowie eine unmittelbare Kommunikation mit uns erm\u00f6glichen, was ebenfalls die E-Mail-Adresse umfasst. Sofern Sie per E-Mail oder \u00fcber ein Kontaktformular den Kontakt mit uns aufnehmen, werden die von Ihnen \u00fcbermittelten personenbezogenen Daten automatisch gespeichert. Solche auf freiwilliger Basis \u00fcbermittelten personenbezogenen Daten werden f\u00fcr Zwecke der Bearbeitung oder der Kontaktaufnahme gespeichert. Es erfolgt keine Weitergabe dieser personenbezogenen Daten an Dritte.<\/p><h6>5. Routinem\u00e4\u00dfige L\u00f6schung und Sperrung von personenbezogenen Daten<\/h6><p>Wir verarbeiten und speichern personenbezogene Daten von Ihnen nur f\u00fcr den Zeitraum, der zur Erreichung des Speicherungszwecks erforderlich ist oder sofern dies durch den Europ\u00e4ischen Richtlinien- und Verordnungsgeber oder einen anderen Gesetzgeber in Gesetzen oder Vorschriften, welchen der f\u00fcr die Verarbeitung Verantwortliche unterliegt, vorgesehen wurde.<br \/>Entf\u00e4llt der Speicherungszweck oder l\u00e4uft eine vom Europ\u00e4ischen Richtlinien- und Verordnungsgeber oder einem anderen zust\u00e4ndigen Gesetzgeber vorgeschriebene Speicherfrist ab, werden die personenbezogenen Daten routinem\u00e4\u00dfig und entsprechend den gesetzlichen Vorschriften gesperrt oder gel\u00f6scht.<\/p><h6>6. Nutzerrechte<\/h6><p>Sie haben das Recht, auf Antrag unentgeltlich Auskunft \u00fcber die \u00fcber sie gespeicherten personenbezogenen Daten zu erhalten. Zus\u00e4tzlich haben sie nach Ma\u00dfgabe der gesetzlichen Bestimmungen ein Recht auf Berichtigung, Sperrung, L\u00f6schung, Einschr\u00e4nkung der Verarbeitung, Widerruf einer datenschutzrechtlichen Einwilligung sowie jederzeit gegen die Verarbeitung sie betreffender personenbezogener Daten Widerspruch einzulegen. Bitte wenden Sie sich daf\u00fcr schriftlich an den Verantwortlichen.<\/p>\t\t\t\t\t\t\t\t<\/div>\n\t\t\t\t<\/div>\n\t\t\t\t\t<\/div>\n\t\t<\/div>\n\t\t\t\t\t<\/div>\n\t\t<\/section>\n\t\t\t\t<\/div>\n\t\t","protected":false},"excerpt":{"rendered":"<p>Datenschutzerkl\u00e4rung Der Anbieter dieser Internetseite nimmt den Datenschutz bei ihrem Online-Angebot sehr ernst. Hier erhalten Sie alle Hinweise rund um das Thema. Grunds\u00e4tzlich ist die Nutzung der Internetseite ohne jede Angabe personenbezogener Daten m\u00f6glich. Auf Sie als Person bezogene Daten wie Name, Anschrift, Telefonnummer oder E-Mail-Adresse erhalten wir nur dann, [&hellip;]<\/p>\n","protected":false},"author":1,"featured_media":0,"parent":0,"menu_order":0,"comment_status":"closed","ping_status":"closed","template":"page-templates\/page_fullwidth.php","meta":{"footnotes":""},"class_list":["post-196","page","type-page","status-publish","hentry"],"_links":{"self":[{"href":"https:\/\/www.andreas-schuett.de\/index.php?rest_route=\/wp\/v2\/pages\/196","targetHints":{"allow":["GET"]}}],"collection":[{"href":"https:\/\/www.andreas-schuett.de\/index.php?rest_route=\/wp\/v2\/pages"}],"about":[{"href":"https:\/\/www.andreas-schuett.de\/index.php?rest_route=\/wp\/v2\/types\/page"}],"author":[{"embeddable":true,"href":"https:\/\/www.andreas-schuett.de\/index.php?rest_route=\/wp\/v2\/users\/1"}],"replies":[{"embeddable":true,"href":"https:\/\/www.andreas-schuett.de\/index.php?rest_route=%2Fwp%2Fv2%2Fcomments&post=196"}],"version-history":[{"count":26,"href":"https:\/\/www.andreas-schuett.de\/index.php?rest_route=\/wp\/v2\/pages\/196\/revisions"}],"predecessor-version":[{"id":314,"href":"https:\/\/www.andreas-schuett.de\/index.php?rest_route=\/wp\/v2\/pages\/196\/revisions\/314"}],"wp:attachment":[{"href":"https:\/\/www.andreas-schuett.de\/index.php?rest_route=%2Fwp%2Fv2%2Fmedia&parent=196"}],"curies":[{"name":"wp","href":"https:\/\/api.w.org\/{rel}","templated":true}]}}